{"id":8114,"date":"2025-09-16T16:25:51","date_gmt":"2025-09-16T15:25:51","guid":{"rendered":"https:\/\/miec.cm-stirso.pt\/?post_type=product&#038;p=8114"},"modified":"2025-09-16T16:30:53","modified_gmt":"2025-09-16T15:30:53","slug":"catalog-sara-navarro-and-doug-bailey-copia-copia-copia-copia-3","status":"publish","type":"product","link":"https:\/\/miec.cm-stirso.pt\/en\/product\/catalog-sara-navarro-and-doug-bailey-copia-copia-copia-copia-3\/","title":{"rendered":"Catalog Sara Navarro and Doug Bailey (C\u00f3pia) (C\u00f3pia) (C\u00f3pia) (C\u00f3pia)"},"content":{"rendered":"","protected":false},"excerpt":{"rendered":"","protected":false},"featured_media":8123,"comment_status":"closed","ping_status":"closed","template":"","meta":{"iawp_total_views":0},"product_brand":[],"product_cat":[],"product_tag":[],"class_list":{"0":"post-8114","1":"product","2":"type-product","3":"status-publish","4":"has-post-thumbnail","7":"first","8":"onbackorder","9":"shipping-taxable","10":"purchasable","11":"product-type-simple"},"_links":{"self":[{"href":"https:\/\/miec.cm-stirso.pt\/en\/wp-json\/wp\/v2\/product\/8114","targetHints":{"allow":["GET"]}}],"collection":[{"href":"https:\/\/miec.cm-stirso.pt\/en\/wp-json\/wp\/v2\/product"}],"about":[{"href":"https:\/\/miec.cm-stirso.pt\/en\/wp-json\/wp\/v2\/types\/product"}],"replies":[{"embeddable":true,"href":"https:\/\/miec.cm-stirso.pt\/en\/wp-json\/wp\/v2\/comments?post=8114"}],"version-history":[{"count":1,"href":"https:\/\/miec.cm-stirso.pt\/en\/wp-json\/wp\/v2\/product\/8114\/revisions"}],"predecessor-version":[{"id":8124,"href":"https:\/\/miec.cm-stirso.pt\/en\/wp-json\/wp\/v2\/product\/8114\/revisions\/8124"}],"wp:featuredmedia":[{"embeddable":true,"href":"https:\/\/miec.cm-stirso.pt\/en\/wp-json\/wp\/v2\/media\/8123"}],"wp:attachment":[{"href":"https:\/\/miec.cm-stirso.pt\/en\/wp-json\/wp\/v2\/media?parent=8114"}],"wp:term":[{"taxonomy":"product_brand","embeddable":true,"href":"https:\/\/miec.cm-stirso.pt\/en\/wp-json\/wp\/v2\/product_brand?post=8114"},{"taxonomy":"product_cat","embeddable":true,"href":"https:\/\/miec.cm-stirso.pt\/en\/wp-json\/wp\/v2\/product_cat?post=8114"},{"taxonomy":"product_tag","embeddable":true,"href":"https:\/\/miec.cm-stirso.pt\/en\/wp-json\/wp\/v2\/product_tag?post=8114"}],"curies":[{"name":"wp","href":"https:\/\/api.w.org\/{rel}","templated":true}]}}